{"id":4388,"date":"2022-09-07T07:52:18","date_gmt":"2022-09-07T07:52:18","guid":{"rendered":"https:\/\/microcredittoken.com\/tgmpweb\/?page_id=4388"},"modified":"2025-01-26T08:59:10","modified_gmt":"2025-01-26T08:59:10","slug":"mikrokredi-destekcileri","status":"publish","type":"page","link":"https:\/\/www.tgmp.net\/en\/mikrokredi-destekcileri\/","title":{"rendered":"Mikrokredi Destek\u00e7ileri"},"content":{"rendered":"<div class=\"wpb-content-wrapper\"><p>[vc_row][vc_column][vc_column_text css=&#8221;&#8221;]<strong>Your Donations Matter<\/strong><\/p>\n<p>Microcredit branches are established mainly with the support of state institutions and agencies alongside donations from individual donors and private corporations. In some of the branches, the name of the donor who provided the whole capital needed to initiate microfinance activities in respective cities is given to that particular branch. Some of the local municipalities and city administrations support the microcredit program in accordance with the related legal guidelines previously put in place for the purpose of state agencies engaging in microcredit activities.<\/p>\n<p>&nbsp;<\/p>\n<p><strong><img loading=\"lazy\" decoding=\"async\" class=\"alignnone size-full wp-image-4912\" src=\"https:\/\/www.tgmp.net\/en\/wp-content\/uploads\/2025\/01\/bank2.png\" alt=\"\" width=\"450\" height=\"166\" \/><\/strong><\/p>\n<p>&nbsp;<\/p>\n<p><strong>Below are the Branches Opened Entirely with Donations<\/strong><\/p>\n<p>AFYONKARAH\u0130SAR ASIM KOCABIYIK MICROFINANCE BRANCH<\/p>\n<p>ARTV\u0130N N\u0130HAT G\u00d6KY\u0130\u011e\u0130T MICROFINANCE BRANCH<\/p>\n<p>BAFRA\/SAMSUN AL\u0130 RIZA TODUK MICROFINANCE BRANCH<\/p>\n<p>BALIKES\u0130R MV HOLD\u0130NG MICROFINANCE BRANCH<\/p>\n<p>BALIKES\u0130R\/EDREM\u0130T YILMAZ AKPINAR MICROFINANCE BRANCH<\/p>\n<p>BARTIN TEKFEN VAKFI MICROFINANCE BRANCH<\/p>\n<p>BAYBURT MEHD\u0130YE HESNA MICROFINANCE BRANCH<\/p>\n<p>D\u0130YARBAKIR\/ERGAN\u0130 H\u00dcSN\u00dc \u00d6ZYE\u011e\u0130N MICROFINANCE BRANCH<\/p>\n<p>D\u0130YARBAKIR\/SUR ABDULKAD\u0130R AKSU MICROFINANCE BRANCH<\/p>\n<p>ELAZI\u011e VEHB\u0130 B\u0130LG\u0130N MICROFINANCE BRANCH<\/p>\n<p>ERZ\u0130NCAN\/KEMAL\u0130YE AYTEN CO\u015eKUN E\u011e\u0130N BA\u015ePINAR MICROFINANCE BRANCH<\/p>\n<p>GAZ\u0130ANTEP\/\u015eAH\u0130NBEY AHMET Z\u0130YLAN MICROFINANCE BRANCH<\/p>\n<p>G\u0130RESUN MEHMET NAZ\u0130F G\u00dcNAL MICROFINANCE BRANCH<\/p>\n<p>H\u00c2KKAR\u0130 KIZILAY MICROFINANCE BRANCH<\/p>\n<p>HATAY\/\u0130SKENDERUN RAMAZAN \u00d6Z MICROFINANCE BRANCH<\/p>\n<p>ISPARTA\/YALVA\u00c7 AHMET KAYA BA\u011e MICROFINANCE BRANCH<\/p>\n<p>\u0130STANBUL\/BA\u011eCILAR VUSLAT DO\u011eAN SABANCI MICROFINANCE BRANCH<\/p>\n<p>\u0130STANBUL\/SARIYER SEMA DO\u011eAN MICROFINANCE BRANCH<\/p>\n<p>KAHRAMANMARA\u015e\/ELB\u0130STAN TURGAY C\u0130NER MICROFINANCE BRANCH<\/p>\n<p>KAYSER\u0130 HAMD\u0130 AKIN MICROFINANCE BRANCH<\/p>\n<p>KONYA FEYYAZ BERKER MICROFINANCE BRANCH<\/p>\n<p>MAN\u0130SA\/SOMA TEKFEN VAKFI MICROFINANCE BRANCH<\/p>\n<p>MARD\u0130N\/M\u0130DYAT BELED\u0130YES\u0130 ABDULKAD\u0130R AKSU MICROFINANCE BRANCH<\/p>\n<p>MERS\u0130N TEKFEN VAKFI MICROFINANCE BRANCH<\/p>\n<p>N\u0130\u011eDE MAHMUT \u00d6N\u00dcG\u00d6REN MICROFINANCE BRANCH<\/p>\n<p>SAMSUN\/SALIPAZARI GAL\u0130P \u00d6ZT\u00dcRK MICROFINANCE BRANCH<\/p>\n<p>\u015eANLIURFA\/S\u0130VEREK EY\u00dcP CENAP G\u00dcLPINAR MICROFINANCE BRANCH<\/p>\n<p>\u015eIRNAK\/C\u0130ZRE KIZILAY MICROFINANCE BRANCH<\/p>\n<p>VAN TURKCELL MICROFINANCE BRANCH[\/vc_column_text][\/vc_column][\/vc_row]<\/p>\n<\/div>","protected":false},"excerpt":{"rendered":"<p>[vc_row][vc_column][vc_column_text css=&#8221;&#8221;]Your Donations Matter Microcredit branches are established mainly with the support of state institutions and agencies alongside donations from individual donors and private corporations. In some of the branches, the name of the donor who provided the whole capital needed to initiate microfinance activities in respective cities is given to that particular branch. Some [&hellip;]<\/p>\n","protected":false},"author":1,"featured_media":0,"parent":0,"menu_order":0,"comment_status":"closed","ping_status":"closed","template":"","meta":{"footnotes":""},"class_list":["post-4388","page","type-page","status-publish","hentry"],"_links":{"self":[{"href":"https:\/\/www.tgmp.net\/en\/wp-json\/wp\/v2\/pages\/4388","targetHints":{"allow":["GET"]}}],"collection":[{"href":"https:\/\/www.tgmp.net\/en\/wp-json\/wp\/v2\/pages"}],"about":[{"href":"https:\/\/www.tgmp.net\/en\/wp-json\/wp\/v2\/types\/page"}],"author":[{"embeddable":true,"href":"https:\/\/www.tgmp.net\/en\/wp-json\/wp\/v2\/users\/1"}],"replies":[{"embeddable":true,"href":"https:\/\/www.tgmp.net\/en\/wp-json\/wp\/v2\/comments?post=4388"}],"version-history":[{"count":10,"href":"https:\/\/www.tgmp.net\/en\/wp-json\/wp\/v2\/pages\/4388\/revisions"}],"predecessor-version":[{"id":4913,"href":"https:\/\/www.tgmp.net\/en\/wp-json\/wp\/v2\/pages\/4388\/revisions\/4913"}],"wp:attachment":[{"href":"https:\/\/www.tgmp.net\/en\/wp-json\/wp\/v2\/media?parent=4388"}],"curies":[{"name":"wp","href":"https:\/\/api.w.org\/{rel}","templated":true}]}}