{"id":4210,"date":"2022-08-23T06:16:39","date_gmt":"2022-08-23T06:16:39","guid":{"rendered":"https:\/\/microcredittoken.com\/tgmpweb\/?page_id=4210"},"modified":"2022-11-16T15:30:11","modified_gmt":"2022-11-16T15:30:11","slug":"yonetim-kurulumuz","status":"publish","type":"page","link":"https:\/\/www.tgmp.net\/en\/yonetim-kurulumuz\/","title":{"rendered":"Y\u00f6netim Kurulumuz"},"content":{"rendered":"<div class=\"wpb-content-wrapper\"><p>[vc_row][vc_column][vc_column_text]<\/p>\n<div align=\"justify\">\n<p><strong>TISVA Members of the Board of Trustees<\/strong><\/p>\n<p>Turkish Foundation for Waste Reduction\u2019s Members of the Board of Trustees are as follows;<\/p>\n<ol>\n<li>Aziz Akg\u00fcl Ph.D, Chairman, the Founder of Turkish Foundation for Waste Reduction, Faculty Member, Businessman and Former Member of Parliament (22nd Term)<\/li>\n<li>Halil Fatih Akg\u00fcl, Member, T\u0130SVA General Secretary<\/li>\n<li>Dr. Oktay Vural, Member, Former Minister of Transport<\/li>\n<li>Halil Orhan, Member, TGMP General Manager<\/li>\n<li>Esra Y\u0131lmaz, Member, TGMP Finance Director<\/li>\n<\/ol>\n<p>&nbsp;<\/p>\n<\/div>\n<p><strong>TISVA Members of the Board of Directors<\/strong><\/p>\n<p>Turkish Foundation for Waste Reduction\u2019s Members of the Board of Directors are as follows;<\/p>\n<ol>\n<li>Aziz Akg\u00fcl Ph.D, Chairman, the Founder of Turkish Foundation for Waste Reduction, Faculty Member, Businessman and Former Member of Parliament (22nd Term)<\/li>\n<li>Halil Fatih Akg\u00fcl, Member, T\u0130SVA General Secretary<\/li>\n<li>Halil Orhan, Member, TGMP General Manager<\/li>\n<li>Elif B\u00fc\u015fra Yaman, Member, TGMP Deputy General Manager<\/li>\n<li>Ay\u015fenur B\u00fclb\u00fcl, Member, TISVA Social Business Deputy General Manager<\/li>\n<\/ol>\n<p>[\/vc_column_text][\/vc_column][\/vc_row]<\/p>\n<\/div>","protected":false},"excerpt":{"rendered":"<p>[vc_row][vc_column][vc_column_text] TISVA Members of the Board of Trustees Turkish Foundation for Waste Reduction\u2019s Members of the Board of Trustees are as follows; Aziz Akg\u00fcl Ph.D, Chairman, the Founder of Turkish Foundation for Waste Reduction, Faculty Member, Businessman and Former Member of Parliament (22nd Term) Halil Fatih Akg\u00fcl, Member, T\u0130SVA General Secretary Dr. Oktay Vural, Member, [&hellip;]<\/p>\n","protected":false},"author":1,"featured_media":0,"parent":0,"menu_order":0,"comment_status":"closed","ping_status":"closed","template":"","meta":{"footnotes":""},"class_list":["post-4210","page","type-page","status-publish","hentry"],"_links":{"self":[{"href":"https:\/\/www.tgmp.net\/en\/wp-json\/wp\/v2\/pages\/4210","targetHints":{"allow":["GET"]}}],"collection":[{"href":"https:\/\/www.tgmp.net\/en\/wp-json\/wp\/v2\/pages"}],"about":[{"href":"https:\/\/www.tgmp.net\/en\/wp-json\/wp\/v2\/types\/page"}],"author":[{"embeddable":true,"href":"https:\/\/www.tgmp.net\/en\/wp-json\/wp\/v2\/users\/1"}],"replies":[{"embeddable":true,"href":"https:\/\/www.tgmp.net\/en\/wp-json\/wp\/v2\/comments?post=4210"}],"version-history":[{"count":6,"href":"https:\/\/www.tgmp.net\/en\/wp-json\/wp\/v2\/pages\/4210\/revisions"}],"predecessor-version":[{"id":4523,"href":"https:\/\/www.tgmp.net\/en\/wp-json\/wp\/v2\/pages\/4210\/revisions\/4523"}],"wp:attachment":[{"href":"https:\/\/www.tgmp.net\/en\/wp-json\/wp\/v2\/media?parent=4210"}],"curies":[{"name":"wp","href":"https:\/\/api.w.org\/{rel}","templated":true}]}}